{"id":1882,"date":"2025-08-25T19:13:29","date_gmt":"2025-08-25T17:13:29","guid":{"rendered":"https:\/\/viking.uwb.pl\/?page_id=1882"},"modified":"2026-03-25T10:44:57","modified_gmt":"2026-03-25T09:44:57","slug":"regulamin","status":"publish","type":"page","link":"https:\/\/wikingnagozo.pl\/index.php\/regulamin\/","title":{"rendered":"Regulamin"},"content":{"rendered":"\t\t<div data-elementor-type=\"wp-page\" data-elementor-id=\"1882\" class=\"elementor elementor-1882\" data-elementor-post-type=\"page\">\n\t\t\t\t<div class=\"elementor-element elementor-element-323ae671 e-con-full e-flex e-con e-parent\" data-id=\"323ae671\" data-element_type=\"container\" data-e-type=\"container\" data-settings=\"{&quot;background_background&quot;:&quot;slideshow&quot;,&quot;shape_divider_bottom&quot;:&quot;waves&quot;,&quot;shape_divider_bottom_negative&quot;:&quot;yes&quot;,&quot;background_slideshow_gallery&quot;:[{&quot;id&quot;:1099,&quot;url&quot;:&quot;https:\\\/\\\/wikingnagozo.pl\\\/wp-content\\\/uploads\\\/2025\\\/06\\\/359.jpg&quot;}],&quot;background_slideshow_ken_burns&quot;:&quot;yes&quot;,&quot;background_slideshow_transition_duration&quot;:5000,&quot;background_slideshow_loop&quot;:&quot;yes&quot;,&quot;background_slideshow_slide_duration&quot;:5000,&quot;background_slideshow_slide_transition&quot;:&quot;fade&quot;,&quot;background_slideshow_ken_burns_zoom_direction&quot;:&quot;in&quot;}\">\n\t\t\t\t<div class=\"elementor-shape elementor-shape-bottom\" aria-hidden=\"true\" data-negative=\"true\">\n\t\t\t<svg xmlns=\"http:\/\/www.w3.org\/2000\/svg\" viewBox=\"0 0 1000 100\" preserveAspectRatio=\"none\">\n\t<path class=\"elementor-shape-fill\" d=\"M790.5,93.1c-59.3-5.3-116.8-18-192.6-50c-29.6-12.7-76.9-31-100.5-35.9c-23.6-4.9-52.6-7.8-75.5-5.3\n\tc-10.2,1.1-22.6,1.4-50.1,7.4c-27.2,6.3-58.2,16.6-79.4,24.7c-41.3,15.9-94.9,21.9-134,22.6C72,58.2,0,25.8,0,25.8V100h1000V65.3\n\tc0,0-51.5,19.4-106.2,25.7C839.5,97,814.1,95.2,790.5,93.1z\"\/>\n<\/svg>\t\t<\/div>\n\t\t\t\t<div class=\"elementor-element elementor-element-4d0a869e elementor-headline--style-rotate elementor-widget elementor-widget-animated-headline\" data-id=\"4d0a869e\" data-element_type=\"widget\" data-e-type=\"widget\" data-settings=\"{&quot;headline_style&quot;:&quot;rotate&quot;,&quot;rotate_iteration_delay&quot;:3550,&quot;animation_type&quot;:&quot;typing&quot;,&quot;loop&quot;:&quot;yes&quot;}\" data-widget_type=\"animated-headline.default\">\n\t\t\t\t<div class=\"elementor-widget-container\">\n\t\t\t\t\t\t\t<h3 class=\"elementor-headline elementor-headline-animation-type-typing elementor-headline-letters\">\n\t\t\t\t\t<span class=\"elementor-headline-plain-text elementor-headline-text-wrapper\">Regulamin wycieczki<\/span>\n\t\t\t\t<span class=\"elementor-headline-dynamic-wrapper elementor-headline-text-wrapper\">\n\t\t\t\t<\/span>\n\t\t\t\t<\/h3>\n\t\t\t\t\t\t<\/div>\n\t\t\t\t<\/div>\n\t\t\t\t<\/div>\n\t\t\t\t<section class=\"elementor-section elementor-top-section elementor-element elementor-element-c9f6d5 elementor-section-boxed elementor-section-height-default elementor-section-height-default\" data-id=\"c9f6d5\" data-element_type=\"section\" data-e-type=\"section\" data-settings=\"{&quot;background_background&quot;:&quot;classic&quot;,&quot;shape_divider_bottom&quot;:&quot;waves&quot;,&quot;shape_divider_bottom_negative&quot;:&quot;yes&quot;}\">\n\t\t\t\t\t<div class=\"elementor-shape elementor-shape-bottom\" aria-hidden=\"true\" data-negative=\"true\">\n\t\t\t<svg xmlns=\"http:\/\/www.w3.org\/2000\/svg\" viewBox=\"0 0 1000 100\" preserveAspectRatio=\"none\">\n\t<path class=\"elementor-shape-fill\" d=\"M790.5,93.1c-59.3-5.3-116.8-18-192.6-50c-29.6-12.7-76.9-31-100.5-35.9c-23.6-4.9-52.6-7.8-75.5-5.3\n\tc-10.2,1.1-22.6,1.4-50.1,7.4c-27.2,6.3-58.2,16.6-79.4,24.7c-41.3,15.9-94.9,21.9-134,22.6C72,58.2,0,25.8,0,25.8V100h1000V65.3\n\tc0,0-51.5,19.4-106.2,25.7C839.5,97,814.1,95.2,790.5,93.1z\"\/>\n<\/svg>\t\t<\/div>\n\t\t\t\t\t<div class=\"elementor-container elementor-column-gap-default\">\n\t\t\t\t\t<div class=\"elementor-column elementor-col-100 elementor-top-column elementor-element elementor-element-2db91c22\" data-id=\"2db91c22\" data-element_type=\"column\" data-e-type=\"column\">\n\t\t\t<div class=\"elementor-widget-wrap elementor-element-populated\">\n\t\t\t\t\t\t<div class=\"elementor-element elementor-element-60bbc426 elementor-widget elementor-widget-text-editor\" data-id=\"60bbc426\" data-element_type=\"widget\" data-e-type=\"widget\" data-widget_type=\"text-editor.default\">\n\t\t\t\t<div class=\"elementor-widget-container\">\n\t\t\t\t\t\t\t\t\t<p><strong>\u00a0\u00a71 Postanowienia wst\u0119pne\u00a0<\/strong><\/p><p>Organizatorem wycieczek jest Wiking na Gozo, dost\u0119pny pod adresem internetowym www.vikingnagozo.pl. Firma prowadzona jest przez Ann\u0119 Machowiak, Malta, VAT No: MT26897736<\/p><p>i jest organizatorem nast\u0119puj\u0105cych us\u0142ug turystycznych:\u00a0<\/p><p style=\"padding-left: 40px;\">\u2022organizacja wycieczek wspieranym przez Malta Tourism Authority TRA\/G\/0024<\/p><p style=\"padding-left: 40px;\">\u2022animacja turystyczna,\u00a0<\/p><p><strong>\u00a72 Definicje\u00a0<\/strong><\/p><ol><li>Uczestnik wycieczki &#8211; osoba fizyczna, kt\u00f3ra bierze udzia\u0142 w organizowanej przez Organizatora Wycieczce oferowanej na stronie internetowej Organizatora.<\/li><li>Organizator &#8211; Wiking na Gozo, Malta, VAT No: MT26897736<\/li><li>Regulamin &#8211; dokument zawieraj\u0105cy zasady organizacji wycieczek oraz postanowienia niezb\u0119dne do zorganizowania bezpiecznej wycieczki. Niniejszy regulamin, obowi\u0105zuje od momentu wys\u0142ania przez Uczestnika wycieczki Formularza Rezerwacyjnego, do zako\u0144czenia Wycieczki.<\/li><li>Zam\u00f3wienie &#8211; o\u015bwiadczenie woli Uczestnika wycieczki sk\u0142adane za pomoc\u0105 Formularza Rezerwacyjnego lub te\u017c telefonicznie i zamierzaj\u0105cego wzi\u0105\u0107 udzia\u0142 w organizowanej przez Organizatora Wycieczce.<\/li><li>Wycieczka &#8211; wydarzenie organizowane przez Organizatora bezpo\u015brednio i po\u015brednio, trwaj\u0105ca nie d\u0142u\u017cej ni\u017c 12 godziny, odbywaj\u0105ca si\u0119 na terenie Malty.<\/li><li>Formularz Rezerwacyjny &#8211; formularz dost\u0119pny w na stronie internetowej Organizatora, niezb\u0119dny do zarejestrowania Uczestnika wycieczki w organizowanej przez Organizatora Wycieczce.<\/li><li>Umowa Sprzeda\u017cy &#8211; umowa sprzeda\u017cy Wycieczki zawierana albo zawarta mi\u0119dzy Uczestnikiem wycieczki a Organizatorem za po\u015brednictwem strony internetowej lub te\u017c telefonicznie.\u00a0<\/li><\/ol><p><strong>\u00a7 3 Kontakt z Organizatorem<\/strong><\/p><ol><li>Adres internetowy Organizatora: <a href=\"http:\/\/www.wikingnagozo.pl\/\">www.wikingnagozo.pl<\/a> Adres e-mail Organizatora: vikingnagozo@gmail.com. Numer telefonu do kontaktu: +356 9999 7262.<\/li><li>Uczestnik wycieczki mo\u017ce porozumie\u0107 si\u0119 telefonicznie z Organizatorem lub poprzez komunikator: messenger lub whatsapp codziennie.\u00a0<\/li><\/ol><p><strong>\u00a7 4 Wymagania techniczne<\/strong><\/p><ol><li>Do z\u0142o\u017cenia rezerwacji potrzebny jest komputer lub smartphone. Urz\u0105dzenia te musz\u0105 by\u0107 pod\u0142\u0105czone do internetu. Zainstalowana na komputerze lub smartphonie przegl\u0105darka musi by\u0107 poprawnie skonfigurowana, musi r\u00f3wnie\u017c zaakceptowa\u0107 pliki cookies oraz sygnalizatory www. Do zarezerwowania wycieczki, niezb\u0119dny jest aktywny adres mailowy oraz aktywny numer telefonu kom\u00f3rkowego, kt\u00f3ry b\u0119dzie aktywny r\u00f3wnie\u017c na terenie\u00a0 Malty poprzez w\u0142\u0105czony roaming.\u00a0<\/li><\/ol><p><strong>\u00a7 5 Informacje og\u00f3lne, rezerwacja wycieczki oraz op\u0142aty za wycieczki<\/strong><\/p><ol><li>Organizator zgodnie z ofert\u0119 dost\u0119pn\u0105 na stronie internetowej, organizuje wycieczki, kt\u00f3re trwaj\u0105 nie d\u0142u\u017cej ni\u017c 12 godziny.<\/li><li>Organizator nie ponosi odpowiedzialno\u015bci za podanie niepe\u0142nych lub nieprawid\u0142owych danych przez Uczestnika, co utrudni lub uniemo\u017cliwi kontakt z nim.<\/li><li>Odwo\u0142anie wycieczki &#8211; wycieczka mo\u017ce zosta\u0107 odwo\u0142ana ze wzgl\u0119du na zbyt ma\u0142\u0105 liczb\u0119 uczestnik\u00f3w lub niesprzyjaj\u0105ce warunki pogodowe (w tym zbyt wysok\u0105 temperatur\u0119). Uczestnik wycieczki jest o tym informowany telefonicznie, mail, lub za pomoc\u0105 komunikator\u00f3w spo\u0142eczno\u015bciowych nale\u017c\u0105cych do Wiking na Gozo (Whatsapp, messenger) nie p\u00f3\u017aniej ni\u017c do godz. 19.00 w dniu poprzedzaj\u0105cym Wycieczk\u0119. W takiej sytuacji ani Organizator, ani Uczestnik wycieczki nie ponosi \u017cadnych koszt\u00f3w.<\/li><li>Zmiany w programie &#8211; zmiany w programie mog\u0119 wyst\u0105pi\u0107 w przypadku zmian pogodowych uniemo\u017cliwiaj\u0105cych przebieg wycieczki zgodnie z programem (opady deszczu, burze, wysokie fale, sztormy na morzu, trz\u0119sienia ziemi, jak r\u00f3wnie\u017c nieprzejezdno\u015b\u0107 dr\u00f3g, blokady na trasie, strajki, wzmo\u017cony ruch turystyczny itd).\u00a0<\/li><\/ol><p><strong>\u00a7 6. Miejsca odbioru\/zbi\u00f3rki\u00a0<\/strong><\/p><ol><li>Ka\u017cda wycieczka rozpoczyna si\u0119 w Porcie Mgar na Gozo. Uczestnik wycieczki mo\u017ce dotrze\u0107 na miejsce zbi\u00f3rki samodzielnie lub skorzysta\u0107 z transferu oferowanego przez Organizatora. Organizator za dodatkow\u0105 op\u0142at\u0105 zobowi\u0105zuje si\u0119 odebra\u0107 uczestnik\u00f3w wycieczki z wyznaczonego przez nich hotelu\/apartamentu na Malcie lub Gozo i dowie\u017a\u0107 do Portu Mgar na Gozo, aby rozpocz\u0105\u0107 wycieczk\u0119.<\/li><li>Transfer jest dodatkowo p\u0142atny i obowi\u0105zuje w dwie strony, tj. przed rozpocz\u0119ciem wycieczki organizator zobowi\u0105zuje si\u0119 odebra\u0107 Uczestnika wycieczki ze wskazanego miejsca noclegowego i przywie\u017a\u0107 na miejsce zbi\u00f3rki oraz po zako\u0144czonej wycieczce organizator odwozi Uczestnika wycieczki pod to samo miejsce adresowe, z kt\u00f3rego Go odebra\u0142.<\/li><li>Organizator nie ponosi odpowiedzialno\u015bci za podanie nieprawid\u0142owej lokalizacji miejsca pobytu przez Uczestnika wycieczki.<\/li><li>W przypadku nie pojawienia si\u0119 uczestnika na miejscu zbi\u00f3rki o potwierdzonej godzinie i braku mo\u017cliwo\u015bci kontaktu (2 pr\u00f3by kontaktu) organizator decyduje o odje\u017adzie busa.\u00a0<\/li><\/ol><p><strong>\u00a7 7. Rezerwacja wycieczki\u00a0<\/strong><\/p><ol><li>Uczestnik wycieczki rezerwuje wycieczk\u0119 przez wype\u0142nienie Formularza Rezerwacyjnego dost\u0119pnego na stronie Organizatora. Rezerwacja mo\u017ce r\u00f3wnie\u017c odby\u0107 si\u0119 telefonicznie lub poprzez komunikatory internetowe\/social media takie jak: WhatsApp, Messenger lub Instagram. Bez wzgl\u0119du na form\u0119 rezerwacji wycieczki Uczestnik ka\u017cdorazowo o\u015bwiadcza, \u017ce zapozna\u0142 si\u0119 z regulaminem wycieczki i Go akceptuje.<\/li><li>Rezerwacja dokonana na mniej ni\u017c 12 godzin przed rozpocz\u0119ciem wycieczki musi zosta\u0107 dodatkowo potwierdzona przez biuro. Nie gwarantujemy realizacji wyjazdu, je\u015bli rezerwacja wp\u0142ynie do nas po godzinie 22:00, a wyjazd ma miejsce dnia nast\u0119pnego.<\/li><li>Uczestnik wycieczki mo\u017ce ubiega\u0107 si\u0119 o zamian\u0119 Wycieczki uzgadniaj\u0105c tak\u0105 zmian\u0119 wcze\u015bniej z Organizatorem. Zmiana mo\u017ce dotyczy\u0107 programu, jak i daty wycieczki. Uczestnik wycieczki nie musi podawa\u0107 przyczyny zmiany. Organizator mo\u017ce odm\u00f3wi\u0107 dokonania zmiany je\u017celi w wybranym terminie nie ma ju\u017c dost\u0119pnych miejsc.\u00a0<\/li><\/ol><p><strong>\u00a7 8. Op\u0142aty<\/strong><\/p><ol><li>Op\u0142ata za wycieczki organizowane przez Organizatora,\u00a0 odbywa si\u0119 tu\u017c po zako\u0144czeniu wycieczki. Mo\u017cliwa jest p\u0142atno\u015b\u0107 got\u00f3wk\u0105 w walucie Euro lub poprzez\u00a0 Revolut. \u00a0<\/li><li>Op\u0142aty dodatkowe, kt\u00f3re nie s\u0105 wliczane w g\u0142\u00f3wn\u0105 cen\u0119 wycieczki. Zalicza si\u0119 do nich mo\u017cliwo\u015b\u0107 wykupienia przez Uczestnika wycieczki transferu z i do hotelu przed rozpocz\u0119ciem wycieczki i po jej zako\u0144czeniu z dowolnego miejsca na Malcie i Gozo. P\u0142atno\u015b\u0107 za transfer mo\u017cna ui\u015bci\u0107 wraz z p\u0142atno\u015bci\u0105 za wycieczk\u0119. Wysoko\u015b\u0107 op\u0142aty transferowej jest podana w ofercie wycieczki i nie podlega negocjacji.<\/li><li>Organizator daje mo\u017cliwo\u015b\u0107 wykupu przez Uczestnika wycieczki dwudaniowego obiadu w kwocie 13 euro zgodnie z menu dost\u0119pnego na stronie Organizatora.\u00a0<\/li><\/ol><p><strong>\u00a7 9 Warunki rezygnacji i reklamacji\u00a0<\/strong><\/p><ol><li>Uczestnik wycieczki mo\u017ce zrezygnowa\u0107 z wycieczki bez podania przyczyn w ka\u017cdej chwili przed odebraniem go z hotelu. Obie strony nie ponosz\u0105 koszt\u00f3w finansowych. Jednak ze wzgl\u0119d\u00f3w organizacyjnych Organizator prosi, aby ka\u017cd\u0105 zmian\u0119 zg\u0142asza\u0107 najp\u00f3\u017aniej dzie\u0144 przed planowanym wyjazdem.<\/li><li>Wszelkie zastrze\u017cenia powinny by\u0107 sk\u0142adane niezw\u0142ocznie przedstawicielowi Grupy Wikinga jeszcze podczas trwania Wycieczki. W razie niezadowolenia z jako\u015bci \u015bwiadczonych przez Organizatora us\u0142ug, niewywi\u0105zania si\u0119 z regulaminu, Uczestnik wycieczki ma prawo do z\u0142o\u017cenia reklamacji. Uczestnik wycieczki ma prawo do z\u0142o\u017cenia reklamacji r\u00f3wnie\u017c odno\u015bnie do ca\u0142o\u015bci us\u0142ugi. Dotyczy to r\u00f3wnie\u017c sk\u0142adania rezerwacji, dzia\u0142ania strony internetowej, mo\u017cliwo\u015bci op\u0142acenia us\u0142ugi, czy te\u017c kontaktu z biurem.<\/li><li>Reklamacja nie mo\u017ce dotyczy\u0107 us\u0142ug, kt\u00f3re nie s\u0105 wyszczeg\u00f3lnione w programie wycieczki i nie stanowi\u0105 integralnej cz\u0119\u015bci programu.<\/li><li>Uczestnik wycieczki sk\u0142ada reklamacj\u0119 pisemnie, poprzez wys\u0142anie wiadomo\u015bci mailowej na adres: vikingnagozo@gmail.com. Uczestnik wycieczki powinien poda\u0107 swoje imi\u0119 i nazwisko, poda\u0107 rodzaj wycieczki, jej dat\u0119 oraz jasno opisa\u0107 sytuacj\u0119. Odpowied\u017a na reklamacj\u0119 zostaje udzielona w czasie nie d\u0142u\u017cszym ni\u017c 14 dni roboczych. Je\u015bli Uczestnik wycieczki nie dostanie odpowiedzi na reklamacj\u0119 w czasie przekraczaj\u0105cym 14 dni od z\u0142o\u017cenia reklamacji, ma prawo wnie\u015b\u0107 skarg\u0119 do s\u0105du obowi\u0105zuj\u0105cego w danym regionie Malty. Reklamacje nale\u017cy sk\u0142ada\u0107 w czasie nieprzekraczaj\u0105cym 30 dni od zako\u0144czenia wycieczki. Reklamacje odbywaj\u0105 si\u0119 polubownie lub te\u017c za po\u015brednictwem s\u0105du dzia\u0142aj\u0105cego na terenie Malty. Nie rozpatrujemy reklamacji skierowanych do nas poprzez social media (Facebook, Instagram) czy drog\u0105 telefoniczn\u0105\/WhatsAppem.<\/li><\/ol><p><strong>\u00a7 10 Dane osobowe<\/strong><\/p><ol><li>Pobieranie danych &#8211; Organizator pobiera od Uczestnik\u00f3w wycieczki dane w postaci: imi\u0119 i nazwisko, adres e-mail, aktywny numer telefonu, nazwa miejscowo\u015bci oraz hotelu gdzie przebywa. W\/w dane s\u0105 niezb\u0119dne w celach organizacyjnych wycieczki oraz do kontaktu z Uczestnikiem wycieczki. S\u0105 r\u00f3wnie\u017c u\u017cywane w celach ksi\u0119gowych oraz do rozlicze\u0144.<\/li><li>W sytuacji, w kt\u00f3rej jedna osoba rezerwuje wycieczk\u0119 dla wi\u0119kszej ilo\u015bci os\u00f3b, potrzebne s\u0105 imiona i nazwiska wszystkich os\u00f3b bior\u0105cych udzia\u0142 w wycieczce Organizatora.<\/li><li>Wszystkie w\/w dane s\u0105 pobierane jedynie w celach organizacyjnych zwi\u0105zanych z zarezerwowan\u0105 przez Uczestnika wycieczk\u0105 oraz w celu kontaktu z nim. Dane nie s\u0105 udost\u0119pniane osobom, kt\u00f3re nie s\u0105 bezpo\u015brednio pracownikami firmy.<\/li><li>U\u017cycie wizerunku na stronie internetowej &#8211; akceptuj\u0105c regulamin Klient wyra\u017ca zgod\u0119 na nieodp\u0142atne wykorzystywanie wizerunku utrwalonego w czasie trwania wycieczki do cel\u00f3w marketingowych (ulotki, foldery, strona internetowa, media spo\u0142eczno\u015bciowe). Zgoda ta jest nieuwarunkowana czasowo.<\/li><li>Administratorem danych na stronie www s\u0105: firma Wiking na Gozo, reprezentowana przez Ann\u0119 Machowiak, Malta, VAT No: MT26897736 Dane osobowe s\u0105 przetwarzane jedynie do ko\u0144ca trwania Wycieczki oraz p\u00f3\u017aniej w celach ksi\u0119gowych.<\/li><li>Ka\u017cdy Uczestnik wycieczki ma prawo do pe\u0142nego zarz\u0105dzania udost\u0119pnionymi przez siebie danymi. Mo\u017ce za\u017c\u0105da\u0107 ich usuni\u0119cia oraz mo\u017ce wprowadza\u0107 zmiany. Dane udost\u0119pnione przez Uczestnika wycieczki nie s\u0105 udost\u0119pniane osobom postronnym.<\/li><li>Organizator u\u017cywa plik\u00f3w tzw. cookies, kt\u00f3re u\u017cywane s\u0105 jedynie dla cel\u00f3w statystycznych firmy.<\/li><\/ol><p><strong>\u00a7 11 Pozosta\u0142e postanowienia\u00a0<\/strong><\/p><ol><li>Organizator mo\u017ce odm\u00f3wi\u0107 transferu na wycieczki organizowane przez niego, je\u015bli miejsce odbioru jest bardzo oddalone lub je\u015bli uniemo\u017cliwia to droga (w\u0105skie drogi, w kt\u00f3re nie mie\u015bci si\u0119\u00a0 bus, lub te\u017c drogi w bardzo z\u0142ym stanie). Wtedy uczestnik mo\u017ce dotrze\u0107 do miejsca zbi\u00f3rki oraz wr\u00f3ci\u0107 do swojego miejsca zakwaterowania we w\u0142asnym zakresie lub dotrze\u0107 samodzielnie do pobliskiego miejsca, kt\u00f3re umo\u017cliwi Organizatorowi odbi\u00f3r uczestnika wycieczki bez uszczerbku mienia, zdrowia i \u017cycia.<\/li><li>Organizator odmawia uczestnictwa w Wycieczce osobom, kt\u00f3re s\u0105 pod wp\u0142ywem alkoholu, narkotyk\u00f3w, osobom zachowuj\u0105cym si\u0119 agresywnie. Je\u015bli Uczestnik wycieczki jest pod wp\u0142ywem alkoholu lub narkotyk\u00f3w podczas Wycieczki, Organizator mo\u017ce odm\u00f3wi\u0107 mu dalszego uczestnictwa w ka\u017cdej chwili. Uczestnik wraca wtedy do swojego miejsca zakwaterowania na koszt w\u0142asny.<\/li><li>Organizator nie bierze odpowiedzialno\u015bci za rzeczy pozostawione w busach, czy na \u0142\u00f3dce. Nie ma r\u00f3wnie\u017c obowi\u0105zku dostarczania zgubionych\/pozostawionych rzeczy uczestnikowi wycieczki do miejsca zakwaterowania oraz ich poszukiwania.<\/li><li>W busach obowi\u0105zuje zakaz picia alkoholu, za\u017cywania narkotyk\u00f3w oraz palenia papieros\u00f3w (r\u00f3wnie\u017c e-papieros\u00f3w). Organizator mo\u017ce odm\u00f3wi\u0107 dalszego uczestnictwa w ka\u017cdej chwili Uczestnikowi wycieczki, kt\u00f3ry ten zakaz z\u0142amie.<\/li><li>Je\u015bli Uczestnik wycieczki sp\u00f3\u017ania si\u0119 na miejsce wyznaczonych przez Organizatora wycieczki zbi\u00f3rek oraz nie przestrzega godzin wyp\u0142yni\u0119cia prom\u00f3w lub odjazd\u00f3w bus\u00f3w, Organizator nie ma obowi\u0105zku czeka\u0107 na uczestnika. W tym wypadku uczestnik wraca do hotelu na w\u0142asn\u0105 r\u0119k\u0119 oraz na w\u0142asny koszt.<\/li><li>Je\u015bli wycieczka jest rezerwowana przez jedn\u0105 osob\u0119 dla wielu Uczestnik\u00f3w wycieczki, ka\u017cdy z uczestnik\u00f3w wycieczki jest zobowi\u0105zany do zapoznania si\u0119 z regulaminem wycieczki i akceptacj\u0119 regulaminu. Obecno\u015b\u0107 na wycieczce jest jednoznaczna z akceptacj\u0105 regulaminu. \u00a0<\/li><li>Organizator nie ma obowi\u0105zku zmiany ustalonego menu na wycieczce, je\u015bli nie jest ono zgodne z preferencjami Uczestnika wycieczki. Wszelkiego rodzaju alergie oraz specjalne diety (np. bez glutenu lub laktozy) musz\u0105 zosta\u0107 zg\u0142oszone w momencie rezerwacji drog\u0105 mailow\u0105 lub bezpo\u015brednio w biurze najpo\u017aniej dea dni przed rozpocz\u0119ciem wycieczki.<\/li><li>Uczestnik zobowi\u0105zany jest do zapoznania si\u0119 ze szczeg\u00f3\u0142owym programem wycieczki. Organizator nie ponosi odpowiedzialno\u015bci za brak odpowiedniego stroju lub niedostosowania mo\u017cliwo\u015bci fizycznych uczestnika do trasy.<\/li><li>Szczeg\u00f3\u0142owe programy wycieczek podane s\u0105 na stronie internetowej Organizatora www.wikingnagizo.pl i nie podlegaj\u0105 negocjacji.<\/li><li>Organizator nie wyra\u017ca zgody na zabranie przez Uczestnik\u00f3w zwierz\u0105t na wycieczk\u0119.<\/li><li>Opiekunowie os\u00f3b niepe\u0142noletnich zobowi\u0105zani s\u0105 do czuwania na ich bezpiecze\u0144stwem.<\/li><\/ol>\t\t\t\t\t\t\t\t<\/div>\n\t\t\t\t<\/div>\n\t\t\t\t\t<\/div>\n\t\t<\/div>\n\t\t\t\t\t<\/div>\n\t\t<\/section>\n\t\t\t\t<section class=\"elementor-section elementor-top-section elementor-element elementor-element-3e52ada7 elementor-section-boxed elementor-section-height-default elementor-section-height-default\" data-id=\"3e52ada7\" data-element_type=\"section\" data-e-type=\"section\" data-settings=\"{&quot;background_background&quot;:&quot;classic&quot;}\">\n\t\t\t\t\t\t<div class=\"elementor-container elementor-column-gap-default\">\n\t\t\t\t\t<div class=\"elementor-column elementor-col-100 elementor-top-column elementor-element elementor-element-254bb06a\" data-id=\"254bb06a\" data-element_type=\"column\" data-e-type=\"column\">\n\t\t\t<div class=\"elementor-widget-wrap\">\n\t\t\t\t\t\t\t<\/div>\n\t\t<\/div>\n\t\t\t\t\t<\/div>\n\t\t<\/section>\n\t\t\t\t<\/div>\n\t\t","protected":false},"excerpt":{"rendered":"<p>Regulamin wycieczki \u00a0\u00a71 Postanowienia wst\u0119pne\u00a0 Organizatorem wycieczek jest Wiking na Gozo, dost\u0119pny pod adresem internetowym www.vikingnagozo.pl. Firma prowadzona jest przez Ann\u0119 Machowiak, Malta, VAT No: MT26897736 i jest organizatorem nast\u0119puj\u0105cych us\u0142ug turystycznych:\u00a0 \u2022organizacja wycieczek wspieranym przez Malta Tourism Authority TRA\/G\/0024 \u2022animacja turystyczna,\u00a0 \u00a72 Definicje\u00a0 Uczestnik wycieczki &#8211; osoba fizyczna, kt\u00f3ra bierze udzia\u0142 w organizowanej przez [&hellip;]<\/p>\n","protected":false},"author":1,"featured_media":0,"parent":0,"menu_order":0,"comment_status":"closed","ping_status":"closed","template":"elementor_header_footer","meta":{"footnotes":""},"class_list":["post-1882","page","type-page","status-publish","hentry"],"_links":{"self":[{"href":"https:\/\/wikingnagozo.pl\/index.php\/wp-json\/wp\/v2\/pages\/1882","targetHints":{"allow":["GET"]}}],"collection":[{"href":"https:\/\/wikingnagozo.pl\/index.php\/wp-json\/wp\/v2\/pages"}],"about":[{"href":"https:\/\/wikingnagozo.pl\/index.php\/wp-json\/wp\/v2\/types\/page"}],"author":[{"embeddable":true,"href":"https:\/\/wikingnagozo.pl\/index.php\/wp-json\/wp\/v2\/users\/1"}],"replies":[{"embeddable":true,"href":"https:\/\/wikingnagozo.pl\/index.php\/wp-json\/wp\/v2\/comments?post=1882"}],"version-history":[{"count":10,"href":"https:\/\/wikingnagozo.pl\/index.php\/wp-json\/wp\/v2\/pages\/1882\/revisions"}],"predecessor-version":[{"id":4054,"href":"https:\/\/wikingnagozo.pl\/index.php\/wp-json\/wp\/v2\/pages\/1882\/revisions\/4054"}],"wp:attachment":[{"href":"https:\/\/wikingnagozo.pl\/index.php\/wp-json\/wp\/v2\/media?parent=1882"}],"curies":[{"name":"wp","href":"https:\/\/api.w.org\/{rel}","templated":true}]}}