{"id":1590,"date":"2025-06-16T18:40:17","date_gmt":"2025-06-16T16:40:17","guid":{"rendered":"https:\/\/viking.uwb.pl\/?page_id=1590"},"modified":"2026-03-25T10:47:31","modified_gmt":"2026-03-25T09:47:31","slug":"polityka-prywatnosci","status":"publish","type":"page","link":"https:\/\/wikingnagozo.pl\/index.php\/polityka-prywatnosci\/","title":{"rendered":"Polityka prywatno\u015bci"},"content":{"rendered":"\t\t<div data-elementor-type=\"wp-page\" data-elementor-id=\"1590\" class=\"elementor elementor-1590\" data-elementor-post-type=\"page\">\n\t\t\t\t<div class=\"elementor-element elementor-element-42b338e9 e-con-full e-flex e-con e-parent\" data-id=\"42b338e9\" data-element_type=\"container\" data-e-type=\"container\" data-settings=\"{&quot;background_background&quot;:&quot;slideshow&quot;,&quot;shape_divider_bottom&quot;:&quot;waves&quot;,&quot;shape_divider_bottom_negative&quot;:&quot;yes&quot;,&quot;background_slideshow_gallery&quot;:[{&quot;id&quot;:1099,&quot;url&quot;:&quot;https:\\\/\\\/wikingnagozo.pl\\\/wp-content\\\/uploads\\\/2025\\\/06\\\/359.jpg&quot;},{&quot;id&quot;:1769,&quot;url&quot;:&quot;https:\\\/\\\/wikingnagozo.pl\\\/wp-content\\\/uploads\\\/2025\\\/07\\\/IMG_8436-scaled.jpeg&quot;}],&quot;background_slideshow_ken_burns&quot;:&quot;yes&quot;,&quot;background_slideshow_transition_duration&quot;:5000,&quot;background_slideshow_loop&quot;:&quot;yes&quot;,&quot;background_slideshow_slide_duration&quot;:5000,&quot;background_slideshow_slide_transition&quot;:&quot;fade&quot;,&quot;background_slideshow_ken_burns_zoom_direction&quot;:&quot;in&quot;}\">\n\t\t\t\t<div class=\"elementor-shape elementor-shape-bottom\" aria-hidden=\"true\" data-negative=\"true\">\n\t\t\t<svg xmlns=\"http:\/\/www.w3.org\/2000\/svg\" viewBox=\"0 0 1000 100\" preserveAspectRatio=\"none\">\n\t<path class=\"elementor-shape-fill\" d=\"M790.5,93.1c-59.3-5.3-116.8-18-192.6-50c-29.6-12.7-76.9-31-100.5-35.9c-23.6-4.9-52.6-7.8-75.5-5.3\n\tc-10.2,1.1-22.6,1.4-50.1,7.4c-27.2,6.3-58.2,16.6-79.4,24.7c-41.3,15.9-94.9,21.9-134,22.6C72,58.2,0,25.8,0,25.8V100h1000V65.3\n\tc0,0-51.5,19.4-106.2,25.7C839.5,97,814.1,95.2,790.5,93.1z\"\/>\n<\/svg>\t\t<\/div>\n\t\t\t\t<div class=\"elementor-element elementor-element-29a55e82 elementor-headline--style-rotate elementor-widget elementor-widget-animated-headline\" data-id=\"29a55e82\" data-element_type=\"widget\" data-e-type=\"widget\" data-settings=\"{&quot;headline_style&quot;:&quot;rotate&quot;,&quot;rotate_iteration_delay&quot;:3550,&quot;animation_type&quot;:&quot;typing&quot;,&quot;loop&quot;:&quot;yes&quot;}\" data-widget_type=\"animated-headline.default\">\n\t\t\t\t<div class=\"elementor-widget-container\">\n\t\t\t\t\t\t\t<h3 class=\"elementor-headline elementor-headline-animation-type-typing elementor-headline-letters\">\n\t\t\t\t\t<span class=\"elementor-headline-plain-text elementor-headline-text-wrapper\">Polityka prywatno\u015bci<\/span>\n\t\t\t\t<span class=\"elementor-headline-dynamic-wrapper elementor-headline-text-wrapper\">\n\t\t\t\t<\/span>\n\t\t\t\t<\/h3>\n\t\t\t\t\t\t<\/div>\n\t\t\t\t<\/div>\n\t\t\t\t<\/div>\n\t\t\t\t<section class=\"elementor-section elementor-top-section elementor-element elementor-element-3f1ac68 elementor-section-boxed elementor-section-height-default elementor-section-height-default\" data-id=\"3f1ac68\" data-element_type=\"section\" data-e-type=\"section\" data-settings=\"{&quot;background_background&quot;:&quot;classic&quot;,&quot;shape_divider_bottom&quot;:&quot;waves&quot;,&quot;shape_divider_bottom_negative&quot;:&quot;yes&quot;}\">\n\t\t\t\t\t<div class=\"elementor-shape elementor-shape-bottom\" aria-hidden=\"true\" data-negative=\"true\">\n\t\t\t<svg xmlns=\"http:\/\/www.w3.org\/2000\/svg\" viewBox=\"0 0 1000 100\" preserveAspectRatio=\"none\">\n\t<path class=\"elementor-shape-fill\" d=\"M790.5,93.1c-59.3-5.3-116.8-18-192.6-50c-29.6-12.7-76.9-31-100.5-35.9c-23.6-4.9-52.6-7.8-75.5-5.3\n\tc-10.2,1.1-22.6,1.4-50.1,7.4c-27.2,6.3-58.2,16.6-79.4,24.7c-41.3,15.9-94.9,21.9-134,22.6C72,58.2,0,25.8,0,25.8V100h1000V65.3\n\tc0,0-51.5,19.4-106.2,25.7C839.5,97,814.1,95.2,790.5,93.1z\"\/>\n<\/svg>\t\t<\/div>\n\t\t\t\t\t<div class=\"elementor-container elementor-column-gap-default\">\n\t\t\t\t\t<div class=\"elementor-column elementor-col-100 elementor-top-column elementor-element elementor-element-4e004863\" data-id=\"4e004863\" data-element_type=\"column\" data-e-type=\"column\">\n\t\t\t<div class=\"elementor-widget-wrap elementor-element-populated\">\n\t\t\t\t\t\t<div class=\"elementor-element elementor-element-7775a592 elementor-widget elementor-widget-text-editor\" data-id=\"7775a592\" data-element_type=\"widget\" data-e-type=\"widget\" data-widget_type=\"text-editor.default\">\n\t\t\t\t<div class=\"elementor-widget-container\">\n\t\t\t\t\t\t\t\t\t<p class=\"p1\"><strong>Data ostatniej aktualizacji: 20.06.2025<\/strong><\/p><p class=\"p1\">Twoja prywatno\u015b\u0107 jest dla nas wa\u017cna. Niniejsza Polityka Prywatno\u015bci wyja\u015bnia, w jaki spos\u00f3b zbieramy, przetwarzamy i chronimy Twoje dane osobowe, korzystaj\u0105c ze strony internetowej <b>vikingnagozo.pl<\/b>.<\/p><p class=\"p2\"><b>1. Administrator danych osobowych<\/b><\/p><p class=\"p1\">Administratorem Twoich danych osobowych jest:<\/p><p class=\"p1\"><b>Wiking na Gozo<\/b><\/p><p><span class=\"elementor-icon-list-text\">vikingnagozo@gmail.com<\/span><\/p><p class=\"p2\"><b>2. Jakie dane zbieramy?<\/b><\/p><p class=\"p1\">Mo\u017cemy zbiera\u0107 nast\u0119puj\u0105ce dane:<\/p><ul><li class=\"p1\">Imi\u0119 i nazwisko<\/li><li class=\"p1\">Adres e-mail<\/li><li class=\"p1\">Numer telefonu<\/li><li class=\"p1\">Informacje przekazane w formularzach kontaktowych<\/li><li class=\"p1\">Dane dotycz\u0105ce rezerwacji wycieczek<\/li><li class=\"p1\">Adres IP i dane techniczne przegl\u0105darki (w celach analitycznych)<\/li><\/ul><p class=\"p2\"><b>3. Cel przetwarzania danych<\/b><\/p><p class=\"p1\">Dane osobowe s\u0105 przetwarzane w nast\u0119puj\u0105cych celach:<\/p><ul><li class=\"p1\">Odpowied\u017a na zapytania przes\u0142ane przez formularz kontaktowy<\/li><li class=\"p1\">Rezerwacja i realizacja us\u0142ug turystycznych<\/li><li class=\"p1\">Wysy\u0142ka informacji o ofercie (za zgod\u0105 u\u017cytkownika)<\/li><li class=\"p1\">Prowadzenie statystyk i analiza dzia\u0142ania strony<\/li><li class=\"p1\">Spe\u0142nienie obowi\u0105zk\u00f3w prawnych i podatkowych<\/li><\/ul><p class=\"p2\"><b>4. Podstawa prawna przetwarzania<\/b><\/p><p class=\"p1\">Przetwarzamy Twoje dane zgodnie z art. 6 ust. 1 RODO, w oparciu o:<\/p><ul><li class=\"p1\">Zgody udzielone przez u\u017cytkownika (np. newsletter)<\/li><li class=\"p1\">Niezb\u0119dno\u015b\u0107 do wykonania umowy (np. rezerwacja wycieczki)<\/li><li class=\"p1\">Obowi\u0105zki prawne ci\u0105\u017c\u0105ce na administratorze<\/li><li class=\"p1\">Prawnie uzasadniony interes administratora (np. analiza statystyk)<\/li><\/ul><p class=\"p2\"><b>5. Przekazywanie danych<\/b><\/p><p class=\"p1\">Twoje dane nie b\u0119d\u0105 sprzedawane osobom trzecim. Mog\u0105 by\u0107 przekazywane zaufanym podmiotom wsp\u00f3\u0142pracuj\u0105cym, takim jak:<\/p><ul><li class=\"p1\">Dostawcy us\u0142ug IT i hostingu<\/li><li class=\"p1\">Systemy rezerwacyjne (je\u015bli s\u0105 wykorzystywane)<\/li><li class=\"p1\">Biura rachunkowe lub prawne, je\u015bli wymaga tego prawo<\/li><li class=\"p1\">Wszystkie podmioty przetwarzaj\u0105 dane zgodnie z obowi\u0105zuj\u0105cym prawem i zawartymi umowami powierzenia przetwarzania danych.<\/li><\/ul><p class=\"p1\"><span class=\"s1\"><b>6. Prawa u\u017cytkownika<\/b><\/span><\/p><p class=\"p1\">Masz prawo do:<\/p><ul><li class=\"p1\">Dost\u0119pu do swoich danych<\/li><li class=\"p1\">Sprostowania danych<\/li><li class=\"p1\">Usuni\u0119cia danych (\u201eprawo do bycia zapomnianym\u201d)<\/li><li class=\"p1\">Ograniczenia przetwarzania<\/li><li class=\"p1\">Przenoszenia danych<\/li><li class=\"p1\">Cofni\u0119cia zgody w dowolnym momencie<\/li><li class=\"p1\">Aby skorzysta\u0107 z tych praw, skontaktuj si\u0119 z nami na [e-mail kontaktowy].<\/li><\/ul><p class=\"p2\"><b>7. Czas przechowywania danych<\/b><\/p><p class=\"p1\">Dane osobowe przechowujemy tylko tak d\u0142ugo, jak jest to konieczne do realizacji cel\u00f3w, dla kt\u00f3rych zosta\u0142y zebrane, lub zgodnie z obowi\u0105zuj\u0105cymi przepisami prawa (np. podatkowymi).<\/p><p class=\"p2\"><b>8. Pliki cookies<\/b><\/p><p class=\"p1\">Strona wykorzystuje pliki cookies w celach:<\/p><ul><li class=\"p1\">Technicznych (prawid\u0142owe dzia\u0142anie strony)<\/li><li class=\"p1\">Statystycznych (Google Analytics, itp.)<\/li><li class=\"p1\">Marketingowych (je\u015bli dotyczy)<\/li><li class=\"p1\">Mo\u017cesz zarz\u0105dza\u0107 plikami cookies w ustawieniach swojej przegl\u0105darki.<\/li><\/ul><p class=\"p2\"><b>9. Zmiany w polityce prywatno\u015bci<\/b><\/p><p class=\"p1\">Zastrzegamy sobie prawo do aktualizacji niniejszej polityki. O wszelkich zmianach poinformujemy na stronie.<\/p><p class=\"p2\"><b>10. Kontakt<\/b><\/p><p class=\"p1\">W sprawach dotycz\u0105cych przetwarzania danych osobowych skontaktuj si\u0119 z nami:<\/p><p><span class=\"elementor-icon-list-text\">vikingnagozo@gmail.com<\/span><\/p><p class=\"p3\"><b>www.vikingnagozo.pl<\/b><\/p>\t\t\t\t\t\t\t\t<\/div>\n\t\t\t\t<\/div>\n\t\t\t\t\t<\/div>\n\t\t<\/div>\n\t\t\t\t\t<\/div>\n\t\t<\/section>\n\t\t\t\t<section class=\"elementor-section elementor-top-section elementor-element elementor-element-80424a1 elementor-section-boxed elementor-section-height-default elementor-section-height-default\" data-id=\"80424a1\" data-element_type=\"section\" data-e-type=\"section\" data-settings=\"{&quot;background_background&quot;:&quot;classic&quot;}\">\n\t\t\t\t\t\t<div class=\"elementor-container elementor-column-gap-default\">\n\t\t\t\t\t<div class=\"elementor-column elementor-col-100 elementor-top-column elementor-element elementor-element-afa1376\" data-id=\"afa1376\" data-element_type=\"column\" data-e-type=\"column\">\n\t\t\t<div class=\"elementor-widget-wrap\">\n\t\t\t\t\t\t\t<\/div>\n\t\t<\/div>\n\t\t\t\t\t<\/div>\n\t\t<\/section>\n\t\t\t\t<\/div>\n\t\t","protected":false},"excerpt":{"rendered":"<p>Polityka prywatno\u015bci Data ostatniej aktualizacji: 20.06.2025 Twoja prywatno\u015b\u0107 jest dla nas wa\u017cna. Niniejsza Polityka Prywatno\u015bci wyja\u015bnia, w jaki spos\u00f3b zbieramy, przetwarzamy i chronimy Twoje dane osobowe, korzystaj\u0105c ze strony internetowej vikingnagozo.pl. 1. Administrator danych osobowych Administratorem Twoich danych osobowych jest: Wiking na Gozo vikingnagozo@gmail.com 2. Jakie dane zbieramy? Mo\u017cemy zbiera\u0107 nast\u0119puj\u0105ce dane: Imi\u0119 i nazwisko [&hellip;]<\/p>\n","protected":false},"author":1,"featured_media":0,"parent":0,"menu_order":0,"comment_status":"closed","ping_status":"closed","template":"elementor_header_footer","meta":{"footnotes":""},"class_list":["post-1590","page","type-page","status-publish","hentry"],"_links":{"self":[{"href":"https:\/\/wikingnagozo.pl\/index.php\/wp-json\/wp\/v2\/pages\/1590","targetHints":{"allow":["GET"]}}],"collection":[{"href":"https:\/\/wikingnagozo.pl\/index.php\/wp-json\/wp\/v2\/pages"}],"about":[{"href":"https:\/\/wikingnagozo.pl\/index.php\/wp-json\/wp\/v2\/types\/page"}],"author":[{"embeddable":true,"href":"https:\/\/wikingnagozo.pl\/index.php\/wp-json\/wp\/v2\/users\/1"}],"replies":[{"embeddable":true,"href":"https:\/\/wikingnagozo.pl\/index.php\/wp-json\/wp\/v2\/comments?post=1590"}],"version-history":[{"count":6,"href":"https:\/\/wikingnagozo.pl\/index.php\/wp-json\/wp\/v2\/pages\/1590\/revisions"}],"predecessor-version":[{"id":4057,"href":"https:\/\/wikingnagozo.pl\/index.php\/wp-json\/wp\/v2\/pages\/1590\/revisions\/4057"}],"wp:attachment":[{"href":"https:\/\/wikingnagozo.pl\/index.php\/wp-json\/wp\/v2\/media?parent=1590"}],"curies":[{"name":"wp","href":"https:\/\/api.w.org\/{rel}","templated":true}]}}